{"id":13,"date":"2024-05-11T10:02:19","date_gmt":"2024-05-11T10:02:19","guid":{"rendered":"https:\/\/skovballe-baadelaug.dk\/?page_id=13"},"modified":"2025-02-24T15:48:13","modified_gmt":"2025-02-24T15:48:13","slug":"vedtaegter","status":"publish","type":"page","link":"https:\/\/skovballe-baadelaug.dk\/index.php\/vedtaegter\/","title":{"rendered":"Vedt\u00e6gter.."},"content":{"rendered":"\n<p>Vedt\u00e6gter Skovballe Havn B\u00e5delav.<\/p>\n\n\n\n<p><strong>\u00a71. Foreningens navn og hjemsted.<\/strong><\/p>\n\n\n\n<p>Foreningens navn er Skovballe Havn B\u00e5delav. Foreningens hjemsted er Skovballe Havn p\u00e5 T\u00e5singe i Svendborg Kommune.<\/p>\n\n\n\n<p><strong>\u00a72. Skovballe Havn B\u00e5delavs form\u00e5l.<\/strong><\/p>\n\n\n\n<p>Form\u00e5l er at:<\/p>\n\n\n\n<p>Udvikle og drive havnen, udleje b\u00e5dpladser, vedligeholde havnebassin, sejlrende, indsejling, broer og fort\u00f8jningsp\u00e6le.<\/p>\n\n\n\n<p>Vedligeholde og udvikle tilh\u00f8rende arealer med p-plads, legeplads, badopbevaringsplads, stejleplads, klubhus, borde og b\u00e6nke mv.<\/p>\n\n\n\n<p>Varetage medlemmernes f\u00e6lles interesser.<\/p>\n\n\n\n<p>Opretholde og fremme det gode f\u00e6llesskab blandt medlemmer og brugere af havnen.<\/p>\n\n\n\n<p>Samarbejde med foreninger, interesseorganisationer og andre med sammenfaldende interessef\u00e6llesskab til f\u00e6lles bedste.<\/p>\n\n\n\n<p>Havnen kan bruges som et \u00e5bent rekreativt omr\u00e5de af enhver, der f\u00f8lger bestyrelsens anvisninger.&nbsp; Ud over medlemmer med b\u00e5dplads i havnen tillige af personer, som benytter sl\u00e6bested, badeg\u00e6ster, kajakroere, g\u00e6ster ved borde og b\u00e6nke mv. Efter aftale med bestyrelsen kan der afholdes forskellige arrangementer p\u00e5 havnen.<\/p>\n\n\n\n<p><strong>\u00a73. Medlemskab.<\/strong><\/p>\n\n\n\n<p>Medlemskab af b\u00e5delavet er for personer bosat p\u00e5 T\u00e5singe samt i \u00f8vrige dele af Svendborg Kommune. Dog kan personer med ejendom p\u00e5 \u00f8erne Birkholm og Egholm under \u00c6r\u00f8 Kommune ligeledes v\u00e6re medlemmer af b\u00e5delavet.<\/p>\n\n\n\n<p>Er der ikke en ledig b\u00e5dplads, kan man, mod et \u00e5rligt gebyr, blive optaget p\u00e5 en venteliste. Personer p\u00e5 ventelisten, som har indbetalt det \u00e5rlige gebyr, kan tildeles b\u00e5dplads i den datoorden, man er skrevet p\u00e5 ventelisten. Personer p\u00e5 ventelisten skal senest d. 31. marts hvert \u00e5r tilkendegive, om man fortsat er interesseret i at beholde plads og anciennitet pa ventelisten. Sker dette ikke, slettes personen uden varsel af listen. Personen kan senere optages p\u00e5 ventelisten med ny anciennitetsdato.<\/p>\n\n\n\n<p><strong>\u00a74. Medlemmers rettigheder og pligter.<\/strong><\/p>\n\n\n\n<p>Medlemmer med b\u00e5dplads har ret til:<\/p>\n\n\n\n<p>Fri brug af havnens arealer, p-plads, b\u00e5dopbevaringsplads, legeplads, b\u00e5lplads, borde og b\u00e6nke mv. samt klubhuset.<\/p>\n\n\n\n<p>Fri brug af sl\u00e6bested til i s\u00e6tning og optagning af b\u00e5de.<\/p>\n\n\n\n<p>Fri brug af fiskerenseplads og stejleplads under almindelig hensyntagen til havnens andre brugere.<\/p>\n\n\n\n<p>Medlemmer med b\u00e5dplads har pligt til at:<\/p>\n\n\n\n<p>V\u00e6rne om og beskytte b\u00e5delavets omd\u00f8mme, det gode f\u00e6llesskab, medlemmernes f\u00e6lles interesser, havnen, havnens arealer, klubhus mv., efterlever vedt\u00e6gt og ordensregler samt tilrettevisning fra havnefoged og beslutninger truffet af bestyrelsen.<\/p>\n\n\n\n<p>Deltage i vedligeholdelsen af havnen ved at deltage i den \u00e5rlige arbejdsdag. Kan et medlem ikke selv deltage, kan vedkommende sende en substitut. Deltager medlemmet eller dennes substitut ikke i arbejdsdagen betales ekstra \u00bd \u00e5rs kontingent.<\/p>\n\n\n\n<p>Uvidenhed om g\u00e6ldende vedt\u00e6gt og regler fritager ikke for ansvar og konsekvens.<\/p>\n\n\n\n<p>Ingen medlemmer h\u00e6fter personligt for b\u00e5delavets \u00f8konomiske depositioner. Udest\u00e5ende kan alene s\u00f8ges indfriet formue og aktiver.<\/p>\n\n\n\n<p><strong>\u00a75. B\u00e5dplads.<\/strong><\/p>\n\n\n\n<p>B\u00e5dplads kan kun tildeles til medlemmer. Pladsen anvises af havnefogeden, og der kan kun anvises 1 b\u00e5dplads pr. medlem.<\/p>\n\n\n\n<p>En b\u00e5dplads er til en b\u00e5d p\u00e5 max 20 fod \u2013 6,28 m i l\u00e6ngden inklusiv evt. opklappet p\u00e5l\u00e6gsmotor og 2,5 m i bredden. L\u00e6ngde m\u00e5lt fra l\u00e6ngst fremadrettede punkt fra b\u00e5dens st\u00e6vn til l\u00e6ngst bagudrettede punkt fra b\u00e5dens agterstavn. Bredde m\u00e5lt fra bredeste sted yderst pa b\u00e5dens sider. Intet pa b\u00e5den m\u00e5 rage ud over pladsens samlede areal.<\/p>\n\n\n\n<p>B\u00e5de skal fort\u00f8jes med 4 solide fort\u00f8jninger, hvoraf de to p\u00e5 p\u00e6lene i havnebassinet skal v\u00e6re med trisser og lodder. Der skal udh\u00e6nges fendere efter behov, s\u00e5 skader p\u00e5 andre bade s\u00f8ges undg\u00e5et.<\/p>\n\n\n\n<p>Havnefogeden fordeler b\u00e5dpladserne efter b\u00e5dtype og st\u00f8rrelse samt under hensyntagen til b\u00e5dens anvendelse og ejers fysiske form\u00e5en. Omplacering af b\u00e5de kan finde sted med medlemmets accept.<\/p>\n\n\n\n<p>Bestyrelsen kan, med medlemmets accept, udleje en plads som vinter plads mod \u00bd \u00e5rs kontingent.<\/p>\n\n\n\n<p>Bestyrelsen kan, efter aftale med medlemmet, fremleje medlemmets b\u00e5dplads til personer pa ventelisten mod dobbelt kontingent p\u00e5 m\u00e5neds- eller \u00e5rsbasis.<\/p>\n\n\n\n<p>Retten til b\u00e5dplads kan fortabes n\u00e5r:<\/p>\n\n\n\n<ul class=\"wp-block-list\">\n<li>B\u00e5dpladsen ikke benyttes i et \u00e5r og fremleje ikke er aftalt med havnefogeden.<\/li>\n<\/ul>\n\n\n\n<ul class=\"wp-block-list\">\n<li>Bestyrelsen sk\u00f8nner, at en b\u00e5d henligger uden nogen form for pasning eller sejlaktivitet, og medlemmet af bestyrelsen er skriftligt varslet 2 gange. Bestyrelsen kan 14 dage efter sidste varsel fjerne b\u00e5den og genudleje pladsen.<\/li>\n<\/ul>\n\n\n\n<ul class=\"wp-block-list\">\n<li>En ikke sejlklar eller ubrugt b\u00e5d m\u00e5 ikke henligge i havnen eller p\u00e5 havnens arealer i mere end 1 \u00e5r. Den skal, p\u00e5 havnefogedens opfordring, omg\u00e5ende fjernes. F\u00f8lges opfordringen ikke, kan bestyrelsen foranstalte b\u00e5den fjernet p\u00e5 ejers ansvar og eventuelle betaling.<\/li>\n<\/ul>\n\n\n\n<p><strong>\u00a76. Anl\u00f8bsbro og sl\u00e6bested.<\/strong><\/p>\n\n\n\n<p>Anl\u00f8bsbro er beregnet til kortvarig af- og p\u00e5l\u00e6sning af bagage, grej og personer mv. og sl\u00e6bested er beregnet til kortvarig is\u00e6tning og optagning af b\u00e5d. Der m\u00e5 ikke henligge ubemandet b\u00e5d sl\u00e6bested eller ved anl\u00f8bsbro. Hvis b\u00e5den forlades, henvises den til fort\u00f8jning p\u00e5 medlemmets plads eller ved broen ved ydermolen.<\/p>\n\n\n\n<p><strong>\u00a77. Kontingent<\/strong><\/p>\n\n\n\n<p>Kontingent for medlemmer med b\u00e5dplads fasts\u00e6ttes p\u00e5 den \u00e5rlige generalforsamling. Medlemmer med b\u00e5dplads betaler fuldt kontingent. Personer p\u00e5 ventelisten betaler et \u00e5rligt gebyr fastsat p\u00e5 generalforsamlingen.<\/p>\n\n\n\n<p>Kontingentet betales hel\u00e5rligt ved overf\u00f8rsel til eller indbetaling p\u00e5 b\u00e5delavets konto eller til kassereren p\u00e5 Mobilepay nr. 2252 6551.<\/p>\n\n\n\n<p>Rettidig indbetaling er 8 dage f\u00f8r den fastsatte generalforsamlingsdato.I force majeure tilf\u00e6lde, som for eksempel et medlem med sv\u00e6r sygdom eller lignende, kan bestyrelsen fravige denne regel.<\/p>\n\n\n\n<p><strong>\u00a78. Ordin\u00e6r generalforsamling.<\/strong><\/p>\n\n\n\n<p>B\u00e5delavets generalforsamling er h\u00f8jeste myndighed i alle anliggender.<\/p>\n\n\n\n<p>Der afholdes ordin\u00e6r generalforsamling hvert \u00e5r inden 1. maj. Kun medlemmer med b\u00e5dplads, som har indbetalt det \u00e5rlige kontingent samt indskuddet p\u00e5 kr.100,- har stemmeret og er valgbare. Det er medlemmets eget ansvar at kunne bevise, at det \u00e5rlige kontingent er rettidigt indbetalt. Kun medlemmer bosat p\u00e5 T\u00e5singe kan v\u00e6lges til bestyrelsen. Medlemmer og deres husstand kan normalt deltage i generalforsamlingen.<\/p>\n\n\n\n<p>Bestyrelsen kan invitere eventuelle g\u00e6ster.<\/p>\n\n\n\n<p>Indkaldelse til ordin\u00e6r generalforsamling sker med mindst 30 dages varsel skriftligt til hvert medlem pr. brev eller pr. mail.<\/p>\n\n\n\n<p>Forslag, der \u00f8nskes behandlet p\u00e5 generalforsamlingen, skal v\u00e6re formanden i h\u00e6nde skriftligt senest 8 dage f\u00f8r generalforsamlingens dato. Indkomne forslag medtages i den endelige dagsorden.<\/p>\n\n\n\n<p>Beslutninger tr\u00e6ffes ved simpelt flertal. Ved stemmelighed bortfalder forslaget. Afstemninger foreg\u00e5r normalt ved h\u00e5ndsopr\u00e6kning. Skriftlig afstemning kan forlanges. Stemmeret kan kun ud\u00f8ves ved personligt fremm\u00f8de.<\/p>\n\n\n\n<p>Vedt\u00e6gts\u00e6ndringer kan kun foretages p\u00e5 den ordin\u00e6re generalforsamling. Vedt\u00e6gts\u00e6ndring kan kun ske, hvis 2\/3 af de fremm\u00f8dte stemmeberettigede stemmer for forslaget.<\/p>\n\n\n\n<p><strong>DAGSORDEN:<\/strong><\/p>\n\n\n\n<p>1. Velkomst.<\/p>\n\n\n\n<p>2. Valg af dirigent. Dirigenten forest\u00e5r herefter valg af referent samt 2&nbsp;<\/p>\n\n\n\n<p>&nbsp;&nbsp;&nbsp;&nbsp; stemmet\u00e6llere.<\/p>\n\n\n\n<p>3. Bestyrelsens beretning.<\/p>\n\n\n\n<p>4. Freml\u00e6ggelse og godkendelse af det reviderede regnskab.  <\/p>\n\n\n\n<p>   (Regnskabet kan afhentes hos kassereren 1 uge f\u00f8r    <\/p>\n\n\n\n<p>    generalforsamlingen).<\/p>\n\n\n\n<p>5. Fasts\u00e6ttelse af kontingent og gebyrer.<\/p>\n\n\n\n<p>6. lndkomne forslag.<\/p>\n\n\n\n<p>7. Fasts\u00e6ttelse af dato for arbejdsdag p\u00e5 havnen samt eventuel plan for\u00a0 \u00a0\u00a0arbejdsopgaver.<\/p>\n\n\n\n<p>8. Valg til bestyrelsen.<\/p>\n\n\n\n<p>9. Valg af bestyrelsessuppleant.<\/p>\n\n\n\n<p>10. Valg af revisor.<\/p>\n\n\n\n<p>11. Valg af revisorsuppleant.<\/p>\n\n\n\n<p>12. Eventuelt (her kan der ikke tr\u00e6ffes beslutninger).<\/p>\n\n\n\n<p><strong>\u00a79. Ekstraordin\u00e6r generalforsamling.<\/strong><\/p>\n\n\n\n<p>Ekstraordin\u00e6r generalforsamling skal afholdes n\u00e5r 2 bestyrelsesmedlemmer, eller 30% af de stemmeberettigede medlemmer, indgiver skriftlig beg\u00e6ring herom til bestyrelsen.<\/p>\n\n\n\n<p>Ekstraordin\u00e6r generalforsamling skal afholdes senest 3 uger efter det er forlangt. lndkaldelse sker med 14 dages skriftligt til medlemmerne pr. brev eller pr. mail.<\/p>\n\n\n\n<p>Sager, der \u00f8nskes behandlet, skal v\u00e6re formanden skriftligt i h\u00e6nde senest 8 dage f\u00f8r den ekstraordin\u00e6re generalforsamling.<\/p>\n\n\n\n<p>Beslutning tr\u00e6ffes ved simpelt flertal blandt de fremm\u00f8dte. Afstemning foreg\u00e5r ved h\u00e5ndsopr\u00e6kning eller p\u00e5 forlangende skriftligt. Ved stemmelighed bortfalder forslaget. Stemmeret kan kun ud\u00f8ves ved personligt fremm\u00f8de.<\/p>\n\n\n\n<p><strong>DAGSORDEN:<\/strong><\/p>\n\n\n\n<p>1. Velkomst.<\/p>\n\n\n\n<p>2. Valg af dirigent, referent samt to stemmet\u00e6llere.<\/p>\n\n\n\n<p>3. Det eller de punkter, som er \u00e5rsag til den ekstraordin\u00e6re <\/p>\n\n\n\n<p>  generalforsamling.<\/p>\n\n\n\n<p>4. Eventuelt (her kan der ikke tr\u00e6ffes beslutninger).<\/p>\n\n\n\n<p><strong>\u00a710. Bestyrelsen.<\/strong><\/p>\n\n\n\n<p>Den valgte bestyrelse er p\u00e5 3 personer og er b\u00e5delavets daglige ledelse.<\/p>\n\n\n\n<p>Valgperioden er p\u00e5 2 \u00e5r.1 lige \u00e5rstal v\u00e6lges 2 bestyrelsesmedlemmer, og i ulige \u00e5rstal v\u00e6ges 1 bestyrelsesmedlem. Bestyrelsessuppleanten er p\u00e5 valg hvert \u00e5r. Genvalg kan finde sted.<\/p>\n\n\n\n<p>Bestyrelsen konstituerer sig selv med formand, kasserer, sekret\u00e6r og havnefoged senest 14 dage efter generalforsamlingen. Formand og kasserer kan ikke v\u00e6re samme person.<\/p>\n\n\n\n<p>Der afholdes bestyrelsesm\u00f8de n\u00e5r formanden eller 2 bestyrelses-medlemmer \u00d8nsker det. Bestyrelsen kan beslutte, at bestyrelses-suppleanten deltager i bestyrelsesm\u00f8der uden stemmeret.<\/p>\n\n\n\n<p>Alle beslutninger bestyrelsen tager, indf\u00f8res i en bestyrelsesprotokol.<\/p>\n\n\n\n<p>Bestyrelsen kan ikke stifte g\u00e6ld, der forpligter b\u00e5delavet.<\/p>\n\n\n\n<p>Bestyrelsen tr\u00e6ffer beslutning om form, omfang og indhold af den information, der gives til medlemmerne i forhold til foranstaltninger, der bedst muligt modvirker h\u00e6rv\u00e6rk og tyveri i havnen.<\/p>\n\n\n\n<p>Bestyrelsen kan, efter aftale med et medlem, uddelegere arbejds-opgaver til varetagelse af medlemmet.<\/p>\n\n\n\n<p>Klager og tvister kan skriftligt indgives til bestyrelsen. Bestyrelsen unders\u00f8ger sagsforholdet grundigt og fors\u00f8ger m\u00e6gling i sagen. Lykkedes dette ikke @fg\u00f8res sagen p\u00e5 en generalforsamling. Bestyrelsen kan afvise at behandle et givet sagsforhold.<\/p>\n\n\n\n<p>De afg\u00f8relser generalforsamlingen tr\u00e6ffer, skal efterkommes.<\/p>\n\n\n\n<p>Bestyrelsen kan i helt s\u00e6rlige tilf\u00e6lde dispensere fra reglerne i denne vedt\u00e6gt. Der orienteres om eventuelle dispensationer p\u00e5 den f\u00f8rst-kommende generalforsamling.<\/p>\n\n\n\n<p><strong>\u00a711. Forsikring.<\/strong><\/p>\n\n\n\n<p>B\u00e5delavet b\u00e6rer ikke ansvar for eventuelt h\u00e6rv\u00e6rk, tyveri eller skader og tegner ikke forsikring.<\/p>\n\n\n\n<p>Der er ingen forsikringspligt i forbindelse med medlemskab af b\u00e5delavet. Det er medlemmets eget ansvar at tegne relevante forsikringer.<\/p>\n\n\n\n<p><strong>\u00a712. Udmeldelse.<\/strong><\/p>\n\n\n\n<p>Gyldig udmeldelse skal ske skriftligt til b\u00e5delavets kasserer.<\/p>\n\n\n\n<p><strong>\u00a713. Eksklusion.<\/strong><\/p>\n\n\n\n<p>Bestyrelsen kan ekskludere et medlem midlertidigt, s\u00e5fremt medlemmet groft eller gentagne gange overtr\u00e6der vedt\u00e6gterne. Inden bestyrelsen tr\u00e6ffer beslutning om eksklusion skal medlemmet have lejlighed til at fremf\u00f8re sit forsvar overfor den samlede bestyrelse eventuelt med en selvvalgt bisidder. Fastholder bestyrelsen sin beslutning om eksklusion kan medlemmet ikke benytte sin b\u00e5dplads i havnen eller havnens sl\u00e6bested frem til n\u00e6ste ordin\u00e6re generalforsamling.<\/p>\n\n\n\n<p>Sager om eksklusion skal behandles p\u00e5 den f\u00f8rstkommende ordin\u00e6re generalforsamling, hvor medlemmet skal have mulighed for at tale sin sag. Generalforsamlingen tr\u00e6ffer herefter afg\u00f8relse om der skal ske endelig eksklusion af medlemmet.<\/p>\n\n\n\n<p>Et endeligt ekskluderet medlems ejendele skal fjernes fra havnen og havnens omr\u00e5der senest 14 dage efter eksklusionsdatoen (generalforsamlingens dato). Sker dette ikke kan bestyrelsen foranstalte ejendelene fjernet p\u00e5 ejerens eget ansvar og regning.<\/p>\n\n\n\n<p>Et endeligt ekskluderet medlem kan s\u00f8ge optagelse igen ved skriftligt at ans\u00f8ge herom til en ordin\u00e6r generalforsamling. Godkender generalforsamlingen personens optagelse, skal eventuelle restancer v\u00e6re betalt, og personen kan optages p\u00e5 ventelisten fra general-forsamlingens dato.<\/p>\n\n\n\n<p><strong>\u00a714. Opl\u00f8sning.<\/strong><\/p>\n\n\n\n<p>Beslutning om b\u00e5delavets opl\u00f8sning kan kun tr\u00e6ffes p\u00e5 en til det form\u00e5l specielt indkaldt ekstraordin\u00e6r generalforsamling. Indkaldelsen sker efter samme regler som indkaldelse til ekstraordin\u00e6r generalforsamling og med samme dagsordensform.<\/p>\n\n\n\n<p>Beslutning om b\u00e5delavets eventuelle opl\u00f8sning kr\u00e6ver, at mindst 3\/4 af b\u00e5delavets medlemmer er til stede, og mindst 3\/4 af de fremm\u00f8dte stemmeberettigede stemmer for opl\u00f8sningen.<\/p>\n\n\n\n<p>I tilf\u00e6lde af b\u00e5delavets opl\u00f8sning overdrages b\u00e5delavets eventuelle aktiver, formue og l\u00f8s\u00f8re mv. til det lokale fritids-og kulturliv p\u00e5 T\u00e5singe.<\/p>\n\n\n\n<p>Ovenst\u00e5ende vedt\u00e6gt er vedtaget p\u00e5 generalforsamlingen d. 20. april 2017 og tr\u00e6der i kraft med omg\u00e5ende virkning.<\/p>\n\n\n\n<p><\/p>\n","protected":false},"excerpt":{"rendered":"<p>Vedt\u00e6gter Skovballe Havn B\u00e5delav. \u00a71. Foreningens navn og hjemsted. Foreningens navn er Skovballe Havn B\u00e5delav. Foreningens hjemsted er Skovballe Havn p\u00e5 T\u00e5singe i Svendborg Kommune. \u00a72. Skovballe Havn B\u00e5delavs form\u00e5l. Form\u00e5l er at: Udvikle og drive havnen, udleje b\u00e5dpladser, vedligeholde havnebassin, sejlrende, indsejling, broer og fort\u00f8jningsp\u00e6le. Vedligeholde og udvikle tilh\u00f8rende arealer med p-plads, legeplads, badopbevaringsplads, [&hellip;]<\/p>\n","protected":false},"author":1,"featured_media":0,"parent":0,"menu_order":0,"comment_status":"closed","ping_status":"closed","template":"","meta":{"footnotes":""},"class_list":["post-13","page","type-page","status-publish","hentry"],"_links":{"self":[{"href":"https:\/\/skovballe-baadelaug.dk\/index.php\/wp-json\/wp\/v2\/pages\/13","targetHints":{"allow":["GET"]}}],"collection":[{"href":"https:\/\/skovballe-baadelaug.dk\/index.php\/wp-json\/wp\/v2\/pages"}],"about":[{"href":"https:\/\/skovballe-baadelaug.dk\/index.php\/wp-json\/wp\/v2\/types\/page"}],"author":[{"embeddable":true,"href":"https:\/\/skovballe-baadelaug.dk\/index.php\/wp-json\/wp\/v2\/users\/1"}],"replies":[{"embeddable":true,"href":"https:\/\/skovballe-baadelaug.dk\/index.php\/wp-json\/wp\/v2\/comments?post=13"}],"version-history":[{"count":8,"href":"https:\/\/skovballe-baadelaug.dk\/index.php\/wp-json\/wp\/v2\/pages\/13\/revisions"}],"predecessor-version":[{"id":116,"href":"https:\/\/skovballe-baadelaug.dk\/index.php\/wp-json\/wp\/v2\/pages\/13\/revisions\/116"}],"wp:attachment":[{"href":"https:\/\/skovballe-baadelaug.dk\/index.php\/wp-json\/wp\/v2\/media?parent=13"}],"curies":[{"name":"wp","href":"https:\/\/api.w.org\/{rel}","templated":true}]}}