{"id":123,"date":"2025-04-26T09:55:58","date_gmt":"2025-04-26T09:55:58","guid":{"rendered":"https:\/\/skovballe-baadelaug.dk\/?page_id=123"},"modified":"2026-03-04T08:31:58","modified_gmt":"2026-03-04T08:31:58","slug":"nyt","status":"publish","type":"page","link":"https:\/\/skovballe-baadelaug.dk\/index.php\/nyt\/","title":{"rendered":"Nyt"},"content":{"rendered":"\n<figure class=\"wp-block-image size-large\"><img loading=\"lazy\" decoding=\"async\" width=\"724\" height=\"1024\" src=\"https:\/\/skovballe-baadelaug.dk\/wp-content\/uploads\/2026\/03\/Indkaldelse-til-generalforsamling-2026-724x1024.jpg\" alt=\"\" class=\"wp-image-143\" srcset=\"https:\/\/skovballe-baadelaug.dk\/wp-content\/uploads\/2026\/03\/Indkaldelse-til-generalforsamling-2026-724x1024.jpg 724w, https:\/\/skovballe-baadelaug.dk\/wp-content\/uploads\/2026\/03\/Indkaldelse-til-generalforsamling-2026-212x300.jpg 212w, https:\/\/skovballe-baadelaug.dk\/wp-content\/uploads\/2026\/03\/Indkaldelse-til-generalforsamling-2026-768x1086.jpg 768w, https:\/\/skovballe-baadelaug.dk\/wp-content\/uploads\/2026\/03\/Indkaldelse-til-generalforsamling-2026-1086x1536.jpg 1086w, https:\/\/skovballe-baadelaug.dk\/wp-content\/uploads\/2026\/03\/Indkaldelse-til-generalforsamling-2026-1449x2048.jpg 1449w, https:\/\/skovballe-baadelaug.dk\/wp-content\/uploads\/2026\/03\/Indkaldelse-til-generalforsamling-2026-scaled.jpg 1811w\" sizes=\"auto, (max-width: 724px) 100vw, 724px\" \/><\/figure>\n\n\n\n<hr class=\"wp-block-separator has-alpha-channel-opacity\"\/>\n\n\n\n<p>P\u00e5lidelighedssejladsen i 2025 var en succes og gentages i 2026.<\/p>\n\n\n\n<p>N\u00e6rmere oplysninger kommer medio 2026. <\/p>\n\n\n\n\n\n<figure class=\"wp-block-image size-large\"><img loading=\"lazy\" decoding=\"async\" width=\"1024\" height=\"724\" src=\"https:\/\/skovballe-baadelaug.dk\/wp-content\/uploads\/2025\/07\/Skovballe-Bylaug-og-Skovballe-Havns-Baadelaug-1024x724.jpg\" alt=\"\" class=\"wp-image-130\" srcset=\"https:\/\/skovballe-baadelaug.dk\/wp-content\/uploads\/2025\/07\/Skovballe-Bylaug-og-Skovballe-Havns-Baadelaug-1024x724.jpg 1024w, https:\/\/skovballe-baadelaug.dk\/wp-content\/uploads\/2025\/07\/Skovballe-Bylaug-og-Skovballe-Havns-Baadelaug-300x212.jpg 300w, https:\/\/skovballe-baadelaug.dk\/wp-content\/uploads\/2025\/07\/Skovballe-Bylaug-og-Skovballe-Havns-Baadelaug-768x543.jpg 768w, https:\/\/skovballe-baadelaug.dk\/wp-content\/uploads\/2025\/07\/Skovballe-Bylaug-og-Skovballe-Havns-Baadelaug-1536x1086.jpg 1536w, https:\/\/skovballe-baadelaug.dk\/wp-content\/uploads\/2025\/07\/Skovballe-Bylaug-og-Skovballe-Havns-Baadelaug-2048x1448.jpg 2048w\" sizes=\"auto, (max-width: 1024px) 100vw, 1024px\" \/><\/figure>\n\n\n\n<hr class=\"wp-block-separator has-alpha-channel-opacity\"\/>\n\n\n\n<p>Der er p.t. lukket for optag p\u00e5 ventelisten.<\/p>\n\n\n\n<hr class=\"wp-block-separator has-alpha-channel-opacity\"\/>\n\n\n\n<p><\/p>\n","protected":false},"excerpt":{"rendered":"<p>P\u00e5lidelighedssejladsen i 2025 var en succes og gentages i 2026. N\u00e6rmere oplysninger kommer medio 2026. Der er p.t. lukket for optag p\u00e5 ventelisten.<\/p>\n","protected":false},"author":1,"featured_media":0,"parent":0,"menu_order":0,"comment_status":"closed","ping_status":"closed","template":"","meta":{"footnotes":""},"class_list":["post-123","page","type-page","status-publish","hentry"],"_links":{"self":[{"href":"https:\/\/skovballe-baadelaug.dk\/index.php\/wp-json\/wp\/v2\/pages\/123","targetHints":{"allow":["GET"]}}],"collection":[{"href":"https:\/\/skovballe-baadelaug.dk\/index.php\/wp-json\/wp\/v2\/pages"}],"about":[{"href":"https:\/\/skovballe-baadelaug.dk\/index.php\/wp-json\/wp\/v2\/types\/page"}],"author":[{"embeddable":true,"href":"https:\/\/skovballe-baadelaug.dk\/index.php\/wp-json\/wp\/v2\/users\/1"}],"replies":[{"embeddable":true,"href":"https:\/\/skovballe-baadelaug.dk\/index.php\/wp-json\/wp\/v2\/comments?post=123"}],"version-history":[{"count":7,"href":"https:\/\/skovballe-baadelaug.dk\/index.php\/wp-json\/wp\/v2\/pages\/123\/revisions"}],"predecessor-version":[{"id":145,"href":"https:\/\/skovballe-baadelaug.dk\/index.php\/wp-json\/wp\/v2\/pages\/123\/revisions\/145"}],"wp:attachment":[{"href":"https:\/\/skovballe-baadelaug.dk\/index.php\/wp-json\/wp\/v2\/media?parent=123"}],"curies":[{"name":"wp","href":"https:\/\/api.w.org\/{rel}","templated":true}]}}