{"id":9,"date":"2024-05-11T10:01:28","date_gmt":"2024-05-11T10:01:28","guid":{"rendered":"https:\/\/skovballe-baadelaug.dk\/?page_id=9"},"modified":"2026-02-09T13:03:05","modified_gmt":"2026-02-09T13:03:05","slug":"om-skovballe-baadelaug","status":"publish","type":"page","link":"http:\/\/skovballe-baadelaug.dk\/index.php\/om-skovballe-baadelaug\/","title":{"rendered":"om Skovballe B\u00e5delaug.."},"content":{"rendered":"\n<p><strong>Alle medlemmer deltager. Hvis man ikke kan deltage koster det kr. 300,-<\/strong><\/p>\n\n\n\n<p>Skovballe B\u00e5delaug driver og vedligeholder Skovballe Havn.<\/p>\n\n\n\n<p>Skovballe B\u00e5delaug har 31 medlemmer.<\/p>\n\n\n\n<p>Vedligeholdelsen best\u00e5r i at havnens faciliteter altid er i god stand, samt at besejlingsforholdene er bedst mulige.<\/p>\n\n\n\n<p>Koordinationer for Skovballe Havn 54.965852, 10.542629<\/p>\n\n\n\n<figure class=\"wp-block-image size-large is-resized is-style-rounded is-style-rounded--1\"><img loading=\"lazy\" decoding=\"async\" width=\"1024\" height=\"582\" src=\"https:\/\/skovballe-baadelaug.dk\/wp-content\/uploads\/2024\/05\/kort1-1024x582.jpg\" alt=\"\" class=\"wp-image-68\" style=\"width:621px;height:auto\" srcset=\"http:\/\/skovballe-baadelaug.dk\/wp-content\/uploads\/2024\/05\/kort1-1024x582.jpg 1024w, http:\/\/skovballe-baadelaug.dk\/wp-content\/uploads\/2024\/05\/kort1-300x170.jpg 300w, http:\/\/skovballe-baadelaug.dk\/wp-content\/uploads\/2024\/05\/kort1-768x436.jpg 768w, http:\/\/skovballe-baadelaug.dk\/wp-content\/uploads\/2024\/05\/kort1.jpg 1310w\" sizes=\"auto, (max-width: 1024px) 100vw, 1024px\" \/><\/figure>\n\n\n\n<p>.<\/p>\n\n\n\n<p>.<\/p>\n\n\n\n<p>.<\/p>\n\n\n\n<p><\/p>\n\n\n\n<p><\/p>\n\n\n\n<hr class=\"wp-block-separator alignfull has-alpha-channel-opacity is-style-wide\"\/>\n","protected":false},"excerpt":{"rendered":"<p>Alle medlemmer deltager. Hvis man ikke kan deltage koster det kr. 300,- Skovballe B\u00e5delaug driver og vedligeholder Skovballe Havn. Skovballe B\u00e5delaug har 31 medlemmer. Vedligeholdelsen best\u00e5r i at havnens faciliteter altid er i god stand, samt at besejlingsforholdene er bedst mulige. Koordinationer for Skovballe Havn 54.965852, 10.542629 . . .<\/p>\n","protected":false},"author":1,"featured_media":0,"parent":0,"menu_order":0,"comment_status":"closed","ping_status":"closed","template":"","meta":{"footnotes":""},"class_list":["post-9","page","type-page","status-publish","hentry"],"_links":{"self":[{"href":"http:\/\/skovballe-baadelaug.dk\/index.php\/wp-json\/wp\/v2\/pages\/9","targetHints":{"allow":["GET"]}}],"collection":[{"href":"http:\/\/skovballe-baadelaug.dk\/index.php\/wp-json\/wp\/v2\/pages"}],"about":[{"href":"http:\/\/skovballe-baadelaug.dk\/index.php\/wp-json\/wp\/v2\/types\/page"}],"author":[{"embeddable":true,"href":"http:\/\/skovballe-baadelaug.dk\/index.php\/wp-json\/wp\/v2\/users\/1"}],"replies":[{"embeddable":true,"href":"http:\/\/skovballe-baadelaug.dk\/index.php\/wp-json\/wp\/v2\/comments?post=9"}],"version-history":[{"count":13,"href":"http:\/\/skovballe-baadelaug.dk\/index.php\/wp-json\/wp\/v2\/pages\/9\/revisions"}],"predecessor-version":[{"id":141,"href":"http:\/\/skovballe-baadelaug.dk\/index.php\/wp-json\/wp\/v2\/pages\/9\/revisions\/141"}],"wp:attachment":[{"href":"http:\/\/skovballe-baadelaug.dk\/index.php\/wp-json\/wp\/v2\/media?parent=9"}],"curies":[{"name":"wp","href":"https:\/\/api.w.org\/{rel}","templated":true}]}}